{"id":60,"date":"2017-06-23T04:26:58","date_gmt":"2017-06-23T02:26:58","guid":{"rendered":"http:\/\/inspirythemesdemo.com\/realplaces\/?page_id=60"},"modified":"2025-04-11T23:10:23","modified_gmt":"2025-04-11T21:10:23","slug":"over-haus-huis-makelaardij","status":"publish","type":"page","link":"https:\/\/hausenhuis.com\/de\/over-haus-huis-makelaardij","title":{"rendered":"\u00dcber Haus&amp;Huis Makelaardij"},"content":{"rendered":"<div data-elementor-type=\"wp-page\" data-elementor-id=\"60\" class=\"elementor elementor-60\" data-elementor-post-type=\"page\">\n\t\t\t\t\t\t<section class=\"elementor-section elementor-top-section elementor-element elementor-element-bcb47fc elementor-section-boxed elementor-section-height-default elementor-section-height-default\" data-id=\"bcb47fc\" data-element_type=\"section\" data-e-type=\"section\">\n\t\t\t\t\t\t<div class=\"elementor-container elementor-column-gap-default\">\n\t\t\t\t\t<div class=\"elementor-column elementor-col-100 elementor-top-column elementor-element elementor-element-3ce0947\" data-id=\"3ce0947\" data-element_type=\"column\" data-e-type=\"column\">\n\t\t\t<div class=\"elementor-widget-wrap elementor-element-populated\">\n\t\t\t\t\t\t<div class=\"elementor-element elementor-element-a7efa43 elementor-widget elementor-widget-ere-section-title-widget\" data-id=\"a7efa43\" data-element_type=\"widget\" data-e-type=\"widget\" data-widget_type=\"ere-section-title-widget.default\">\n\t\t\t\t<div class=\"elementor-widget-container\">\n\t\t\t\t\t            <div class=\"rh_elementor_widget re_section_head_elementor\">\n\t\t\t\t                    <span class=\"rh_section__subtitle\">Immobilienmakler in Brunssum<\/span>\n\t\t\t\t\n\t\t\t\t                    <h2 class=\"rh_section__title\">\u00dcber Haus&amp;Huis Makelaardij<\/h2>\n\t\t\t\t\n\t\t\t\t                    <p class=\"rh_section__desc\">Spezialist f\u00fcr das Leben in Deutschland und in der Grenzregion Limburg!<\/p>\n\t\t\t\t            <\/div>\n\t\t\t\t\t\t\t<\/div>\n\t\t\t\t<\/div>\n\t\t\t\t\t<\/div>\n\t\t<\/div>\n\t\t\t\t\t<\/div>\n\t\t<\/section>\n\t\t\t\t<section class=\"elementor-section elementor-top-section elementor-element elementor-element-64abffe elementor-section-boxed elementor-section-height-default elementor-section-height-default\" data-id=\"64abffe\" data-element_type=\"section\" data-e-type=\"section\">\n\t\t\t\t\t\t<div class=\"elementor-container elementor-column-gap-default\">\n\t\t\t\t\t<div class=\"elementor-column elementor-col-50 elementor-top-column elementor-element elementor-element-5006a1d\" data-id=\"5006a1d\" data-element_type=\"column\" data-e-type=\"column\">\n\t\t\t<div class=\"elementor-widget-wrap elementor-element-populated\">\n\t\t\t\t\t\t<div class=\"elementor-element elementor-element-e06878e agent-box elementor-widget elementor-widget-ere-agents-widget\" data-id=\"e06878e\" data-element_type=\"widget\" data-e-type=\"widget\" data-widget_type=\"ere-agents-widget.default\">\n\t\t\t\t<div class=\"elementor-widget-container\">\n\t\t\t\t\t            <div class=\"rh_elementor_widget rh_wrapper__agents_elementor default\">\n\n                <div class=\"rh_section__agents_elementor\">\n\t\t\t\t\t                        <article class=\"rh_agent_elementor post-61511 agent type-agent status-publish has-post-thumbnail hentry agent-location-haus-en-huis-makelaardij\">\n                            <div class=\"rh_agent__wrap\">\n                                <div class=\"rh_agent__thumbnail\">\n                                    <a href=\"https:\/\/hausenhuis.com\/de\/makelaar\/bas-nicaise\">\n\t\t\t\t\t\t\t\t\t\t<img loading=\"lazy\" decoding=\"async\" width=\"157\" height=\"210\" src=\"https:\/\/hausenhuis.com\/wp-content\/uploads\/2020\/05\/download.jpeg\" class=\"attachment-agent-image size-agent-image wp-post-image\" alt=\"Haus&amp;Huis Makelaardij - Immobilienmakler in Brunssum : Bas\" srcset=\"https:\/\/hausenhuis.com\/wp-content\/uploads\/2020\/05\/download.jpeg 194w, https:\/\/hausenhuis.com\/wp-content\/uploads\/2020\/05\/download-112x150.jpeg 112w\" sizes=\"auto, (max-width: 157px) 100vw, 157px\" \/>                                    <\/a>\n                                <\/div>\n\n                                <div class=\"rh_agent__details\">\n\n                                    <h3>\n                                        <a href=\"https:\/\/hausenhuis.com\/de\/makelaar\/bas-nicaise\">Bas<\/a>\n                                                                            <\/h3>\n\n                                                                            <p class=\"rh_agent__info phone number\">\n                                            <a href=\"tel:085-0205269\">\n                                                <i class=\"fas fa-mobile-alt\"><\/i>&nbsp;                                                085-0205269                                            <\/a>\n                                        <\/p>\n                                                                                <a href=\"mailto:&#105;&#110;fo&#064;hausenh&#117;&#105;&#115;.&#099;&#111;&#109;\"\n                                           class=\"rh_agent__email\">\n                                            <i class=\"fas fa-envelope\"><\/i>info@hausenhuis.com<\/a>\n                                                                        <\/div>\n                            <\/div>\n                        <\/article>\n\t\t\t\t\t\t                        <article class=\"rh_agent_elementor post-54 agent type-agent status-publish has-post-thumbnail hentry agent-location-haus-en-huis-makelaardij\">\n                            <div class=\"rh_agent__wrap\">\n                                <div class=\"rh_agent__thumbnail\">\n                                    <a href=\"https:\/\/hausenhuis.com\/de\/makelaar\/ilona-nicaise\">\n\t\t\t\t\t\t\t\t\t\t<img loading=\"lazy\" decoding=\"async\" width=\"194\" height=\"209\" src=\"https:\/\/hausenhuis.com\/wp-content\/uploads\/2020\/05\/download-1-e1700707987780.jpeg\" class=\"attachment-agent-image size-agent-image wp-post-image\" alt=\"Haus&amp;Huis Makelaardij - Immobilienmakler in Brunssum : Ilona\" srcset=\"https:\/\/hausenhuis.com\/wp-content\/uploads\/2020\/05\/download-1-e1700707987780.jpeg 194w, https:\/\/hausenhuis.com\/wp-content\/uploads\/2020\/05\/download-1-e1700707987780-139x150.jpeg 139w\" sizes=\"auto, (max-width: 194px) 100vw, 194px\" \/>                                    <\/a>\n                                <\/div>\n\n                                <div class=\"rh_agent__details\">\n\n                                    <h3>\n                                        <a href=\"https:\/\/hausenhuis.com\/de\/makelaar\/ilona-nicaise\">Ilona<\/a>\n                                                                            <\/h3>\n\n                                                                            <p class=\"rh_agent__info phone number\">\n                                            <a href=\"Tel:+31 85 020 52 69\">\n                                                <i class=\"fas fa-mobile-alt\"><\/i>&nbsp;                                                +31 85 020 52 69                                            <\/a>\n                                        <\/p>\n                                                                                <a href=\"mailto:i&#110;&#102;o&#064;h&#097;&#117;s&#101;&#110;h&#117;&#105;s.c&#111;&#109;\"\n                                           class=\"rh_agent__email\">\n                                            <i class=\"fas fa-envelope\"><\/i>info@hausenhuis.com<\/a>\n                                                                        <\/div>\n                            <\/div>\n                        <\/article>\n\t\t\t\t\t\t                <\/div>\n\n            <\/div>\n\t\t\t\t\t\t\t<\/div>\n\t\t\t\t<\/div>\n\t\t\t\t\t<\/div>\n\t\t<\/div>\n\t\t\t\t<div class=\"elementor-column elementor-col-50 elementor-top-column elementor-element elementor-element-908d394\" data-id=\"908d394\" data-element_type=\"column\" data-e-type=\"column\">\n\t\t\t<div class=\"elementor-widget-wrap elementor-element-populated\">\n\t\t\t\t\t\t<div class=\"elementor-element elementor-element-2589e0f elementor-widget elementor-widget-heading\" data-id=\"2589e0f\" data-element_type=\"widget\" data-e-type=\"widget\" data-widget_type=\"heading.default\">\n\t\t\t\t<div class=\"elementor-widget-container\">\n\t\t\t\t\t<h2 class=\"elementor-heading-title elementor-size-default\">Spezialist f\u00fcr das Leben in Deutschland und in der Grenzregion Limburg!<\/h2>\t\t\t\t<\/div>\n\t\t\t\t<\/div>\n\t\t\t\t<div class=\"elementor-element elementor-element-8721608 elementor-widget elementor-widget-text-editor\" data-id=\"8721608\" data-element_type=\"widget\" data-e-type=\"widget\" data-widget_type=\"text-editor.default\">\n\t\t\t\t<div class=\"elementor-widget-container\">\n\t\t\t\t\t\t\t\t\t<p>Wir helfen, beraten und begleiten Sie auf dem niederl\u00e4ndischen und deutschen Wohnungsmarkt, daf\u00fcr stehen wir.<\/p><p><span style=\"color: #ff6600;\"><strong>Haus<\/strong><\/span><\/p><p>Wir kennen die Vor- und Nachteile des Lebens in Deutschland aus der Praxis und dem t\u00e4glichen Leben. Wir haben festgestellt, dass viele Menschen diesen Schritt ebenfalls in Erw\u00e4gung ziehen. Sie wissen nicht, was sie erwartet. Deshalb trauen sie sich nicht, diesen Schritt zu tun. Wir helfen Ihnen weiter und bedienen sowohl den niederl\u00e4ndischen als auch den deutschen Markt. Kurzum: Wir sind grenzenlos.<\/p><p>\u200b<span style=\"color: #ff6600;\"><strong>Haus<\/strong><\/span><\/p><p>Wir verf\u00fcgen \u00fcber jahrelange Erfahrung auf dem niederl\u00e4ndischen Markt. Daher wissen wir genau, wie die Dinge laufen und was der erfolgreichste Weg f\u00fcr den Kauf und\/oder Verkauf des Hauses ist.<\/p><p><span style=\"color: #ff6600;\"><strong>Haus &amp; Haus<\/strong><\/span><\/p><p>Wir bedienen den deutschen (Haus) und den niederl\u00e4ndischen (Huis) Markt. Deshalb sind Sie bei uns genau richtig, wenn Sie ein Haus in den Niederlanden oder in Deutschland kaufen oder verkaufen m\u00f6chten.<\/p>\t\t\t\t\t\t\t\t<\/div>\n\t\t\t\t<\/div>\n\t\t\t\t\t<\/div>\n\t\t<\/div>\n\t\t\t\t\t<\/div>\n\t\t<\/section>\n\t\t\t\t<\/div>","protected":false},"excerpt":{"rendered":"<p>Makelaar in Brunssum Over Haus&amp;Huis Makelaardij Specialist rondom wonen in Duitsland en de Limburgse Grensstreek! Bas &nbsp; 085-0205269 &nbsp; in&#102;o&#064;ha&#117;sen&#104;uis.c&#111;m Ilona &nbsp; +31 85 020 52 69 &nbsp; &#105;n&#102;&#111;&#064;ha&#117;s&#101;&#110;&#104;uis&#046;&#099;&#111;&#109; Specialist rondom wonen in Duitsland en de Limburgse Grensstreek! Wij helpen, adviseren \u00e9n begeleiden je op de Nederlandse en Duitse woningmarkt, daar staan we voor. Haus&#8230;<\/p>","protected":false},"author":1,"featured_media":61517,"parent":0,"menu_order":0,"comment_status":"closed","ping_status":"closed","template":"","meta":{"_acf_changed":false,"_mi_skip_tracking":false,"footnotes":""},"class_list":["post-60","page","type-page","status-publish","has-post-thumbnail","hentry"],"acf":[],"_links":{"self":[{"href":"https:\/\/hausenhuis.com\/de\/wp-json\/wp\/v2\/pages\/60","targetHints":{"allow":["GET"]}}],"collection":[{"href":"https:\/\/hausenhuis.com\/de\/wp-json\/wp\/v2\/pages"}],"about":[{"href":"https:\/\/hausenhuis.com\/de\/wp-json\/wp\/v2\/types\/page"}],"author":[{"embeddable":true,"href":"https:\/\/hausenhuis.com\/de\/wp-json\/wp\/v2\/users\/1"}],"replies":[{"embeddable":true,"href":"https:\/\/hausenhuis.com\/de\/wp-json\/wp\/v2\/comments?post=60"}],"version-history":[{"count":3,"href":"https:\/\/hausenhuis.com\/de\/wp-json\/wp\/v2\/pages\/60\/revisions"}],"predecessor-version":[{"id":100568,"href":"https:\/\/hausenhuis.com\/de\/wp-json\/wp\/v2\/pages\/60\/revisions\/100568"}],"wp:featuredmedia":[{"embeddable":true,"href":"https:\/\/hausenhuis.com\/de\/wp-json\/wp\/v2\/media\/61517"}],"wp:attachment":[{"href":"https:\/\/hausenhuis.com\/de\/wp-json\/wp\/v2\/media?parent=60"}],"curies":[{"name":"wp","href":"https:\/\/api.w.org\/{rel}","templated":true}]}}